{"id":160,"date":"2021-10-07T08:25:49","date_gmt":"2021-10-07T08:25:49","guid":{"rendered":"https:\/\/demo.bravisthemes.com\/lawgne\/?page_id=160"},"modified":"2024-08-20T12:07:11","modified_gmt":"2024-08-20T12:07:11","slug":"articole","status":"publish","type":"page","link":"https:\/\/sga-avocat.com\/en\/articole\/","title":{"rendered":"Articles"},"content":{"rendered":"<div data-elementor-type=\"wp-page\" data-elementor-id=\"160\" class=\"elementor elementor-160\">\n\t\t\t\t        <section class=\"elementor-section elementor-top-section elementor-element elementor-element-130d220 elementor-section-boxed elementor-section-height-default elementor-section-height-default kng-section-overflow-hidden-no kng-boxed-bg-false kng-section-boxed-divider-false\" data-id=\"130d220\" data-element_type=\"section\">\n                                             \n            <div class=\"elementor-container elementor-column-gap-default\">\n                    <div class=\"elementor-column elementor-col-100 elementor-top-column elementor-element elementor-element-95b554d kng-column-element-default\" data-id=\"95b554d\" data-element_type=\"column\">\n                        <div class=\"elementor-widget-wrap elementor-element-populated\">\n                     \n            \n         \n        \t\t<div class=\"elementor-element elementor-element-edea48d kng-post-layout-1 elementor-widget elementor-widget-kng_post_grid\" data-id=\"edea48d\" data-element_type=\"widget\" data-widget_type=\"kng_post_grid.default\">\n\t\t\t\t<div class=\"elementor-widget-container\">\n\t\t\t\r\n<div id=\"kng_post_grid-edea48d-7924\" class=\"kng-grid kng-post-grid layout-1\" data-layoutmode=\"fitRows\" data-layout=\"masonry\" data-start-page=\"1\" data-max-pages=\"1\" data-total=\"5\" data-perpage=\"9\" data-next-link=\"\">\r\n        <div class=\"kng-grid-inner kng-grid-masonry row relative animation-time\" data-layout=\"fitRows\" style=\"margin:-15px\">\r\n                    <div class=\"kng-grid-item col-xxl-4 col-xl-4 col-lg-6 col-md-6 col-sm-12\" style=\"padding:15px;\">\n                                    <div class=\"kng-item-content kng-transition clearfix\">\n                        <div class=\"kng-featured-wrap empty-none\">    <div class=\"kng-featured kng-post-standard\"><div class=\"kng-featured-inner relative\">            <div class=\"post-image kng-post-image  cropped\">\r\n                <a href=\"https:\/\/sga-avocat.com\/en\/prescriptia-raspunderii-penale-in-cazul-infractiunilor-de-luare-dare-de-mita-si-cumparare-trafic-de-influenta-necontroversata-decizie-iccj-nr-1-2025\/\" title=\"8416Articole\" rel=\"nofollow\"><img fetchpriority=\"high\" decoding=\"async\" width=\"740\" height=\"540\" src=\"https:\/\/sga-avocat.com\/wp-content\/uploads\/2025\/02\/WhatsApp-Image-2025-02-11-at-1.36.35-PM-740x540.jpeg\" class=\"attachment-medium size-medium wp-post-image\" alt=\"Decizie \u00ceCCJ nr. 1\/2025\" srcset=\"https:\/\/sga-avocat.com\/wp-content\/uploads\/2025\/02\/WhatsApp-Image-2025-02-11-at-1.36.35-PM-740x540.jpeg 740w, https:\/\/sga-avocat.com\/wp-content\/uploads\/2025\/02\/WhatsApp-Image-2025-02-11-at-1.36.35-PM-18x12.jpeg 18w\" sizes=\"(max-width: 740px) 100vw, 740px\" \/><\/a>            <\/div>\r\n            <\/div><\/div>\r\n                                    <div class=\"kng-btn-wraps kng-post-item-readmore kng-transition\">\n                                    <a href=\"https:\/\/sga-avocat.com\/en\/prescriptia-raspunderii-penale-in-cazul-infractiunilor-de-luare-dare-de-mita-si-cumparare-trafic-de-influenta-necontroversata-decizie-iccj-nr-1-2025\/\" class=\"kng-readmore kng-readmore d-inline-block btn\">\n                                        <span class=\"kng-btn-content\">\n                                            <span class=\"kng-btn-text\">Read More<\/span>\n                                            <span class=\"kng-btn-icon kngi-arrow-right-solid\"><\/span>\n                                        <\/span>\n                                    <\/a>\n                                <\/div>\n                            <\/div>\n                        <div class=\"kng-item-content-inner\">\n                                        <div class=\"kng-post-meta\">\n                <div class=\"kng-post-meta-inner row align-items-center\">\n                            <span class=\"kng-post-author col-auto\">\n            <span class=\"meta-inner\">\n                                <a class=\"d-flex align-items-center\" href=\"https:\/\/sga-avocat.com\/en\/author\/sga\/\" title=\"SGA\"><img alt='SGA' src='https:\/\/sga-avocat.com\/wp-content\/uploads\/2024\/08\/cropped-logo.png' srcset='https:\/\/sga-avocat.com\/wp-content\/uploads\/2024\/08\/cropped-logo.png 2x' class='avatar avatar-40 photo circle' height='40' width='40' \/><span>SGA<\/span><\/a>\n            <\/span>\n        <\/span>\n                    <\/div>\n            <\/div>\n                                    <div class=\"kng-item-content-title kng-heading\">\n                                <a href=\"https:\/\/sga-avocat.com\/en\/prescriptia-raspunderii-penale-in-cazul-infractiunilor-de-luare-dare-de-mita-si-cumparare-trafic-de-influenta-necontroversata-decizie-iccj-nr-1-2025\/\">Prescrip\u021bia r\u0103spunderii penale \u00een cazul infrac\u021biunilor de luare\/dare de mit\u0103 \u0219i cump\u0103rare\/trafic de influen\u021b\u0103.\u00a0 (Ne)controversata Decizie \u00ceCCJ nr. 1\/2025<\/a>\n                            <\/div>\n                              \n                                                                    <div class=\"kng-post-meta\">\n                <div class=\"kng-post-meta-inner row align-items-center\">\n                            <span class=\"kng-post-date col-auto\">\n            <span class=\"meta-inner\">\n                <span class=\"meta-icon kngi-calendar-alt-regular text-accent\"><\/span>                <span>February 12, 2025<\/span>\n            <\/span>\n        <\/span>\n                <span class=\"kng-post-cmt col-auto\">\n            <span class=\"meta-inner\">\n                <span class=\"meta-icon kngi-comments-regular text-accent\"><\/span>                <a class=\"kng-scroll\" href=\"https:\/\/sga-avocat.com\/en\/articole\/#comments\">Comments <span class=\"cmt-count\">(0)<\/span><\/a>\n            <\/span>\n        <\/span>\n                    <\/div>\n            <\/div>\n                                    \n                        <\/div>\n                    <\/div>\n                                <\/div>\n                    <div class=\"kng-grid-item col-xxl-4 col-xl-4 col-lg-6 col-md-6 col-sm-12\" style=\"padding:15px;\">\n                                    <div class=\"kng-item-content kng-transition clearfix\">\n                        <div class=\"kng-featured-wrap empty-none\">    <div class=\"kng-featured kng-post-standard\"><div class=\"kng-featured-inner relative\">            <div class=\"post-image kng-post-image  cropped\">\r\n                <a href=\"https:\/\/sga-avocat.com\/en\/avocatii-sga-speakeri-in-cadrul-conferintei-nationale-a-asociatiei-scolilor-particulare-co-creating-the-future-of-education\/\" title=\"8381Articole\" rel=\"nofollow\"><img decoding=\"async\" width=\"740\" height=\"540\" src=\"https:\/\/sga-avocat.com\/wp-content\/uploads\/2024\/12\/467311001_122202785684195638_4907045340536524456_n-740x540.jpg\" class=\"attachment-medium size-medium wp-post-image\" alt=\"conferinta educatie\" \/><\/a>            <\/div>\r\n            <\/div><\/div>\r\n                                    <div class=\"kng-btn-wraps kng-post-item-readmore kng-transition\">\n                                    <a href=\"https:\/\/sga-avocat.com\/en\/avocatii-sga-speakeri-in-cadrul-conferintei-nationale-a-asociatiei-scolilor-particulare-co-creating-the-future-of-education\/\" class=\"kng-readmore kng-readmore d-inline-block btn\">\n                                        <span class=\"kng-btn-content\">\n                                            <span class=\"kng-btn-text\">Read More<\/span>\n                                            <span class=\"kng-btn-icon kngi-arrow-right-solid\"><\/span>\n                                        <\/span>\n                                    <\/a>\n                                <\/div>\n                            <\/div>\n                        <div class=\"kng-item-content-inner\">\n                                        <div class=\"kng-post-meta\">\n                <div class=\"kng-post-meta-inner row align-items-center\">\n                            <span class=\"kng-post-author col-auto\">\n            <span class=\"meta-inner\">\n                                <a class=\"d-flex align-items-center\" href=\"https:\/\/sga-avocat.com\/en\/author\/sga\/\" title=\"SGA\"><img alt='SGA' src='https:\/\/sga-avocat.com\/wp-content\/uploads\/2024\/08\/cropped-logo.png' srcset='https:\/\/sga-avocat.com\/wp-content\/uploads\/2024\/08\/cropped-logo.png 2x' class='avatar avatar-40 photo circle' height='40' width='40' \/><span>SGA<\/span><\/a>\n            <\/span>\n        <\/span>\n                    <\/div>\n            <\/div>\n                                    <div class=\"kng-item-content-title kng-heading\">\n                                <a href=\"https:\/\/sga-avocat.com\/en\/avocatii-sga-speakeri-in-cadrul-conferintei-nationale-a-asociatiei-scolilor-particulare-co-creating-the-future-of-education\/\">Avoca\u021bii SGA, speakeri \u00een cadrul Conferin\u021bei Na\u021bionale a Asocia\u021biei \u0218colilor Particulare \u201eCo-creating the Future of Education\u201d<\/a>\n                            <\/div>\n                              \n                                                                    <div class=\"kng-post-meta\">\n                <div class=\"kng-post-meta-inner row align-items-center\">\n                            <span class=\"kng-post-date col-auto\">\n            <span class=\"meta-inner\">\n                <span class=\"meta-icon kngi-calendar-alt-regular text-accent\"><\/span>                <span>November 19, 2024<\/span>\n            <\/span>\n        <\/span>\n                <span class=\"kng-post-cmt col-auto\">\n            <span class=\"meta-inner\">\n                <span class=\"meta-icon kngi-comments-regular text-accent\"><\/span>                <a class=\"kng-scroll\" href=\"https:\/\/sga-avocat.com\/en\/articole\/#comments\">Comments <span class=\"cmt-count\">(0)<\/span><\/a>\n            <\/span>\n        <\/span>\n                    <\/div>\n            <\/div>\n                                    \n                        <\/div>\n                    <\/div>\n                                <\/div>\n                    <div class=\"kng-grid-item col-xxl-4 col-xl-4 col-lg-6 col-md-6 col-sm-12\" style=\"padding:15px;\">\n                                    <div class=\"kng-item-content kng-transition clearfix\">\n                        <div class=\"kng-featured-wrap empty-none\">    <div class=\"kng-featured kng-post-standard\"><div class=\"kng-featured-inner relative\">            <div class=\"post-image kng-post-image  cropped\">\r\n                <a href=\"https:\/\/sga-avocat.com\/en\/raportul-final-al-inspectiei-generale-in-cadrul-unitatilor-de-invatamant-preuniversitar-poate-fi-contestat-in-fata-instantelor-de-judecata\/\" title=\"8370Articole\" rel=\"nofollow\"><img decoding=\"async\" width=\"740\" height=\"540\" src=\"https:\/\/sga-avocat.com\/wp-content\/uploads\/2024\/10\/sga-lawyers-740x540.png\" class=\"attachment-medium size-medium wp-post-image\" alt=\"\" \/><\/a>            <\/div>\r\n            <\/div><\/div>\r\n                                    <div class=\"kng-btn-wraps kng-post-item-readmore kng-transition\">\n                                    <a href=\"https:\/\/sga-avocat.com\/en\/raportul-final-al-inspectiei-generale-in-cadrul-unitatilor-de-invatamant-preuniversitar-poate-fi-contestat-in-fata-instantelor-de-judecata\/\" class=\"kng-readmore kng-readmore d-inline-block btn\">\n                                        <span class=\"kng-btn-content\">\n                                            <span class=\"kng-btn-text\">Read More<\/span>\n                                            <span class=\"kng-btn-icon kngi-arrow-right-solid\"><\/span>\n                                        <\/span>\n                                    <\/a>\n                                <\/div>\n                            <\/div>\n                        <div class=\"kng-item-content-inner\">\n                                        <div class=\"kng-post-meta\">\n                <div class=\"kng-post-meta-inner row align-items-center\">\n                            <span class=\"kng-post-author col-auto\">\n            <span class=\"meta-inner\">\n                                <a class=\"d-flex align-items-center\" href=\"https:\/\/sga-avocat.com\/en\/author\/sga\/\" title=\"SGA\"><img alt='SGA' src='https:\/\/sga-avocat.com\/wp-content\/uploads\/2024\/08\/cropped-logo.png' srcset='https:\/\/sga-avocat.com\/wp-content\/uploads\/2024\/08\/cropped-logo.png 2x' class='avatar avatar-40 photo circle' height='40' width='40' \/><span>SGA<\/span><\/a>\n            <\/span>\n        <\/span>\n                    <\/div>\n            <\/div>\n                                    <div class=\"kng-item-content-title kng-heading\">\n                                <a href=\"https:\/\/sga-avocat.com\/en\/raportul-final-al-inspectiei-generale-in-cadrul-unitatilor-de-invatamant-preuniversitar-poate-fi-contestat-in-fata-instantelor-de-judecata\/\">Raportul final al inspec\u021biei generale \u00een cadrul unit\u0103\u021bilor de \u00eenv\u0103\u021b\u0103m\u00e2nt preuniversitar poate fi contestat \u00een fa\u021ba instan\u021belor de judecat\u0103.<\/a>\n                            <\/div>\n                              \n                                                                    <div class=\"kng-post-meta\">\n                <div class=\"kng-post-meta-inner row align-items-center\">\n                            <span class=\"kng-post-date col-auto\">\n            <span class=\"meta-inner\">\n                <span class=\"meta-icon kngi-calendar-alt-regular text-accent\"><\/span>                <span>October 15, 2024<\/span>\n            <\/span>\n        <\/span>\n                <span class=\"kng-post-cmt col-auto\">\n            <span class=\"meta-inner\">\n                <span class=\"meta-icon kngi-comments-regular text-accent\"><\/span>                <a class=\"kng-scroll\" href=\"https:\/\/sga-avocat.com\/en\/articole\/#comments\">Comments <span class=\"cmt-count\">(0)<\/span><\/a>\n            <\/span>\n        <\/span>\n                    <\/div>\n            <\/div>\n                                    \n                        <\/div>\n                    <\/div>\n                                <\/div>\n                    <div class=\"kng-grid-item col-xxl-4 col-xl-4 col-lg-6 col-md-6 col-sm-12\" style=\"padding:15px;\">\n                                    <div class=\"kng-item-content kng-transition clearfix\">\n                        <div class=\"kng-featured-wrap empty-none\">    <div class=\"kng-featured kng-post-standard\"><div class=\"kng-featured-inner relative\">            <div class=\"post-image kng-post-image  cropped\">\r\n                <a href=\"https:\/\/sga-avocat.com\/en\/reglementarea-notiunii-de-profesie-liberala-in-ue\/\" title=\"104Articole\" rel=\"nofollow\"><img loading=\"lazy\" decoding=\"async\" width=\"740\" height=\"540\" src=\"https:\/\/sga-avocat.com\/wp-content\/uploads\/2021\/09\/reglementarea-notiunii-de-profesie-liberala-in-ue-740x540.jpg\" class=\"attachment-medium size-medium wp-post-image\" alt=\"\" \/><\/a>            <\/div>\r\n            <\/div><\/div>\r\n                                    <div class=\"kng-btn-wraps kng-post-item-readmore kng-transition\">\n                                    <a href=\"https:\/\/sga-avocat.com\/en\/reglementarea-notiunii-de-profesie-liberala-in-ue\/\" class=\"kng-readmore kng-readmore d-inline-block btn\">\n                                        <span class=\"kng-btn-content\">\n                                            <span class=\"kng-btn-text\">Read More<\/span>\n                                            <span class=\"kng-btn-icon kngi-arrow-right-solid\"><\/span>\n                                        <\/span>\n                                    <\/a>\n                                <\/div>\n                            <\/div>\n                        <div class=\"kng-item-content-inner\">\n                                        <div class=\"kng-post-meta\">\n                <div class=\"kng-post-meta-inner row align-items-center\">\n                            <span class=\"kng-post-author col-auto\">\n            <span class=\"meta-inner\">\n                                <a class=\"d-flex align-items-center\" href=\"https:\/\/sga-avocat.com\/en\/author\/vlad-stefan\/\" title=\"Vlad Stefan\"><img alt='Vlad Stefan' src='https:\/\/sga-avocat.com\/wp-content\/uploads\/2024\/08\/vlad-stefan.jpg' srcset='https:\/\/sga-avocat.com\/wp-content\/uploads\/2024\/08\/vlad-stefan.jpg 2x' class='avatar avatar-40 photo circle' height='40' width='40' \/><span>Vlad Stefan<\/span><\/a>\n            <\/span>\n        <\/span>\n                    <\/div>\n            <\/div>\n                                    <div class=\"kng-item-content-title kng-heading\">\n                                <a href=\"https:\/\/sga-avocat.com\/en\/reglementarea-notiunii-de-profesie-liberala-in-ue\/\">Consecin\u021bele tendin\u021belor de reglementare a no\u021biunii de \u201eprofesie liberal\u0103\u201d \u00een Uniunea European\u0103 asupra profesiei de avocat<\/a>\n                            <\/div>\n                              \n                                                                    <div class=\"kng-post-meta\">\n                <div class=\"kng-post-meta-inner row align-items-center\">\n                            <span class=\"kng-post-date col-auto\">\n            <span class=\"meta-inner\">\n                <span class=\"meta-icon kngi-calendar-alt-regular text-accent\"><\/span>                <span>July 5, 2024<\/span>\n            <\/span>\n        <\/span>\n                <span class=\"kng-post-cmt col-auto\">\n            <span class=\"meta-inner\">\n                <span class=\"meta-icon kngi-comments-regular text-accent\"><\/span>                <a class=\"kng-scroll\" href=\"https:\/\/sga-avocat.com\/en\/articole\/#comments\">Comments <span class=\"cmt-count\">(0)<\/span><\/a>\n            <\/span>\n        <\/span>\n                    <\/div>\n            <\/div>\n                                    \n                        <\/div>\n                    <\/div>\n                                <\/div>\n                    <div class=\"kng-grid-item col-xxl-4 col-xl-4 col-lg-6 col-md-6 col-sm-12\" style=\"padding:15px;\">\n                                    <div class=\"kng-item-content kng-transition clearfix\">\n                        <div class=\"kng-featured-wrap empty-none\">    <div class=\"kng-featured kng-post-standard\"><div class=\"kng-featured-inner relative\">            <div class=\"post-image kng-post-image  cropped\">\r\n                <a href=\"https:\/\/sga-avocat.com\/en\/leagea-invatamantului-preuniversitar-romania-educata\/\" title=\"106Articole\" rel=\"nofollow\"><img loading=\"lazy\" decoding=\"async\" width=\"740\" height=\"540\" src=\"https:\/\/sga-avocat.com\/wp-content\/uploads\/2024\/05\/leagea-invatamantului-preuniversitar-romania-educata-740x540.jpg\" class=\"attachment-medium size-medium wp-post-image\" alt=\"\" \/><\/a>            <\/div>\r\n            <\/div><\/div>\r\n                                    <div class=\"kng-btn-wraps kng-post-item-readmore kng-transition\">\n                                    <a href=\"https:\/\/sga-avocat.com\/en\/leagea-invatamantului-preuniversitar-romania-educata\/\" class=\"kng-readmore kng-readmore d-inline-block btn\">\n                                        <span class=\"kng-btn-content\">\n                                            <span class=\"kng-btn-text\">Read More<\/span>\n                                            <span class=\"kng-btn-icon kngi-arrow-right-solid\"><\/span>\n                                        <\/span>\n                                    <\/a>\n                                <\/div>\n                            <\/div>\n                        <div class=\"kng-item-content-inner\">\n                                        <div class=\"kng-post-meta\">\n                <div class=\"kng-post-meta-inner row align-items-center\">\n                            <span class=\"kng-post-author col-auto\">\n            <span class=\"meta-inner\">\n                                <a class=\"d-flex align-items-center\" href=\"https:\/\/sga-avocat.com\/en\/author\/vlad-stefan\/\" title=\"Vlad Stefan\"><img alt='Vlad Stefan' src='https:\/\/sga-avocat.com\/wp-content\/uploads\/2024\/08\/vlad-stefan.jpg' srcset='https:\/\/sga-avocat.com\/wp-content\/uploads\/2024\/08\/vlad-stefan.jpg 2x' class='avatar avatar-40 photo circle' height='40' width='40' \/><span>Vlad Stefan<\/span><\/a>\n            <\/span>\n        <\/span>\n                    <\/div>\n            <\/div>\n                                    <div class=\"kng-item-content-title kng-heading\">\n                                <a href=\"https:\/\/sga-avocat.com\/en\/leagea-invatamantului-preuniversitar-romania-educata\/\">Legea \u00eenv\u0103\u021b\u0103m\u00e2ntului preuniversitar \u201eRom\u00e2nia Educat\u0103\u201d. Lipsa caracterului normativ. O problem\u0103 de securitate juridic\u0103?<\/a>\n                            <\/div>\n                              \n                                                                    <div class=\"kng-post-meta\">\n                <div class=\"kng-post-meta-inner row align-items-center\">\n                            <span class=\"kng-post-date col-auto\">\n            <span class=\"meta-inner\">\n                <span class=\"meta-icon kngi-calendar-alt-regular text-accent\"><\/span>                <span>May 30, 2024<\/span>\n            <\/span>\n        <\/span>\n                <span class=\"kng-post-cmt col-auto\">\n            <span class=\"meta-inner\">\n                <span class=\"meta-icon kngi-comments-regular text-accent\"><\/span>                <a class=\"kng-scroll\" href=\"https:\/\/sga-avocat.com\/en\/articole\/#comments\">Comments <span class=\"cmt-count\">(0)<\/span><\/a>\n            <\/span>\n        <\/span>\n                    <\/div>\n            <\/div>\n                                    \n                        <\/div>\n                    <\/div>\n                                <\/div>\n                <div class=\"kng-grid-overlay\"><\/div>\r\n    <\/div>\r\n            <div class=\"kng-post-pagination kng-grid-pagination\" data-loadmore=\"{&quot;layout&quot;:&quot;1&quot;,&quot;startPage&quot;:1,&quot;maxPages&quot;:1,&quot;total&quot;:5,&quot;perpage&quot;:9,&quot;nextLink&quot;:&quot;&quot;,&quot;source&quot;:&quot;&quot;,&quot;orderby&quot;:&quot;date&quot;,&quot;order&quot;:&quot;desc&quot;,&quot;limit&quot;:9,&quot;post_ids&quot;:&quot;&quot;,&quot;pagination_type&quot;:&quot;pagination&quot;,&quot;masonry_mode&quot;:&quot;fitRows&quot;,&quot;col_xxl&quot;:&quot;3&quot;,&quot;col_xl&quot;:&quot;3&quot;,&quot;col_lg&quot;:&quot;2&quot;,&quot;col_md&quot;:&quot;2&quot;,&quot;col_sm&quot;:&quot;1&quot;,&quot;gap&quot;:30,&quot;gap_extra&quot;:&quot;&quot;,&quot;thumbnail_size&quot;:&quot;medium&quot;,&quot;thumbnail_custom_dimension&quot;:&quot;&quot;,&quot;show_date&quot;:&quot;yes&quot;,&quot;show_comment&quot;:&quot;yes&quot;,&quot;show_excerpt&quot;:&quot;&quot;,&quot;excerpt_lenght&quot;:0,&quot;excerpt_more_text&quot;:&quot;...&quot;,&quot;show_readmore&quot;:&quot;yes&quot;,&quot;readmore_text&quot;:&quot;Read More&quot;,&quot;show_fb&quot;:&quot;&quot;,&quot;show_tw&quot;:&quot;&quot;,&quot;show_insta&quot;:&quot;&quot;,&quot;show_email&quot;:&quot;&quot;,&quot;show_phone&quot;:&quot;&quot;,&quot;grid&quot;:true,&quot;pagin_align_cls&quot;:&quot;justify-content-center&quot;,&quot;grid_custom_columns&quot;:&quot;&quot;,&quot;tax&quot;:[]}\" data-query=\"{&quot;post_type&quot;:&quot;post&quot;,&quot;posts_per_page&quot;:9,&quot;order&quot;:&quot;desc&quot;,&quot;orderby&quot;:&quot;date&quot;,&quot;tax_query&quot;:{&quot;relation&quot;:&quot;OR&quot;},&quot;post__not_in&quot;:[160]}\">\r\n                    <\/div>\r\n        <\/div>\t\t<\/div>\n\t\t\t\t<\/div>\n\t\t\t\t\t<\/div>\n\t\t<\/div>\n\t\t            <\/div>\n        <\/section>\n        \t\t<\/div>","protected":false},"excerpt":{"rendered":"<p>Read More Derek L. Coronado Users Perspective Using Story Structure To Stand User 30 Sep 2021 Coms (0) Share Read More Nathaniel E. Jones Privacy UX Common Cocerns And Privacy Web Forms 30 Sep 2021 Coms (0) Share Read More Jeremy A. Edney Better Notifications Permision Requests Users Perspective 30 Sep 2021 Coms (0) Share [&hellip;]<\/p>","protected":false},"author":1,"featured_media":0,"parent":0,"menu_order":0,"comment_status":"closed","ping_status":"closed","template":"","meta":{"footnotes":""},"_links":{"self":[{"href":"https:\/\/sga-avocat.com\/en\/wp-json\/wp\/v2\/pages\/160"}],"collection":[{"href":"https:\/\/sga-avocat.com\/en\/wp-json\/wp\/v2\/pages"}],"about":[{"href":"https:\/\/sga-avocat.com\/en\/wp-json\/wp\/v2\/types\/page"}],"author":[{"embeddable":true,"href":"https:\/\/sga-avocat.com\/en\/wp-json\/wp\/v2\/users\/1"}],"replies":[{"embeddable":true,"href":"https:\/\/sga-avocat.com\/en\/wp-json\/wp\/v2\/comments?post=160"}],"version-history":[{"count":1,"href":"https:\/\/sga-avocat.com\/en\/wp-json\/wp\/v2\/pages\/160\/revisions"}],"predecessor-version":[{"id":7710,"href":"https:\/\/sga-avocat.com\/en\/wp-json\/wp\/v2\/pages\/160\/revisions\/7710"}],"wp:attachment":[{"href":"https:\/\/sga-avocat.com\/en\/wp-json\/wp\/v2\/media?parent=160"}],"curies":[{"name":"wp","href":"https:\/\/api.w.org\/{rel}","templated":true}]}}