{"id":186,"date":"2021-10-08T07:38:26","date_gmt":"2021-10-08T07:38:26","guid":{"rendered":"https:\/\/demo.bravisthemes.com\/lawgne\/?page_id=186"},"modified":"2025-09-18T14:30:12","modified_gmt":"2025-09-18T14:30:12","slug":"contact","status":"publish","type":"page","link":"https:\/\/sga-avocat.com\/ro\/contact\/","title":{"rendered":"Contact"},"content":{"rendered":"\t\t<div data-elementor-type=\"wp-page\" data-elementor-id=\"186\" class=\"elementor elementor-186\">\n\t\t\t\t        <section class=\"elementor-section elementor-top-section elementor-element elementor-element-77e51d4 elementor-section-boxed elementor-section-height-default elementor-section-height-default kng-section-overflow-hidden-no kng-boxed-bg-false kng-section-boxed-divider-false\" data-id=\"77e51d4\" data-element_type=\"section\">\n                                             \n            <div class=\"elementor-container elementor-column-gap-default \">\n                    <div class=\"elementor-column elementor-col-50 elementor-top-column elementor-element elementor-element-4411e3c kng-column-element-default\" data-id=\"4411e3c\" data-element_type=\"column\">\n                        <div class=\"elementor-widget-wrap elementor-element-populated\">\n                     \n            \n         \n        \t\t<div class=\"elementor-element elementor-element-1cba256 kng-quick-contact-layout-1 elementor-invisible elementor-widget elementor-widget-kng_quickcontact\" data-id=\"1cba256\" data-element_type=\"widget\" data-settings=\"{&quot;_animation&quot;:&quot;fadeInUp&quot;,&quot;_animation_delay&quot;:150}\" data-widget_type=\"kng_quickcontact.default\">\n\t\t\t\t<div class=\"elementor-widget-container\">\n\t\t\t<div class=\"kng-qc-wrap layout-1\">\n\t<div class=\"qc-item-wrap d-flex gutters-30 gutters-md-50 gutters-lg-30 gutters-xl-50\">\n\t\t<div class=\"qc-img\">\n\t\t\t<img decoding=\"async\" src=\"https:\/\/sga-avocat.com\/wp-content\/uploads\/2025\/09\/poza-sediu-scaled.jpg\" title=\"poza sediu\" alt=\"poza sediu\" loading=\"lazy\" \/>\t\t<\/div>\n\t\t<div class=\"qc-content-wrap\">\n\t\t\t\t\t\t<div class=\"qc-title\">Bucuresti<\/div> \n\t\t\t\t\t\t<div class=\"qc-desc-wrap\">\n\t\t\t\t\t\t\t\t\t\t\t\t\t<div class=\"qc-item\">\n\t\t\t\t\t\t<i aria-hidden=\"true\" class=\"kngi kngi-phone-alt1\"><\/i>\t\t\t\t\t\t\t\t\t\t\t\t<span><a href=\"tel:+40754 838 908\">0754 838 908<\/a><\/span>\n\t\t\t\t\t<\/div>\n\t\t\t\t\t\t\t\t\t\t\t\t\t\t\t\t\t<div class=\"qc-item\">\n\t\t\t\t\t\t<i aria-hidden=\"true\" class=\"kngi kngi-envelope-regular\"><\/i>\t\t\t\t\t\t\t\t\t\t\t\t<span><a href=\"mailto:office@sga-av.com\">office@sga-av.com<\/a><\/span>\n\t\t\t\t\t<\/div>\n\t\t\t\t\t\t\t\t\t\t\t\t\t\t\t\t\t<div class=\"qc-item\">\n\t\t\t\t\t\t<i aria-hidden=\"true\" class=\"kngi kngi-marker-alt\"><\/i>\t\t\t\t\t\t\t\t\t\t\t\t<span>Str. Hele\u0219teului nr. 29, Sectorul 1<\/span>\n\t\t\t\t\t<\/div>\n\t\t\t\t\t\t\t\t\t\t\t<\/div>\n\t\t<\/div>\n\t<\/div>\n<\/div>\t\t<\/div>\n\t\t\t\t<\/div>\n\t\t\t\t\t<\/div>\n\t\t<\/div>\n\t\t        <div class=\"elementor-column elementor-col-50 elementor-top-column elementor-element elementor-element-347f940 kng-column-element-default\" data-id=\"347f940\" data-element_type=\"column\">\n                        <div class=\"elementor-widget-wrap elementor-element-populated\">\n                     \n            \n         \n        \t\t<div class=\"elementor-element elementor-element-2ceb0b3 kng-cf7-layout-1 elementor-widget elementor-widget-kng_ctf7\" data-id=\"2ceb0b3\" data-element_type=\"widget\" data-widget_type=\"kng_ctf7.default\">\n\t\t\t\t<div class=\"elementor-widget-container\">\n\t\t\t<div class=\"kng-cf7 relative\">\r\n    <div class=\"kng-cf7-inner\">\r\n    \t        <div class=\"kng-cf-heading mb-30\">\r\n            <h3>Las\u0103-ne un mesaj<\/h3>\r\n            <p>Suntem aici s\u0103 te ajut\u0103m<\/p>\r\n        <\/div>\r\n    \t        <div class=\"kng-cf-form\">\n<div class=\"wpcf7 no-js\" id=\"wpcf7-f206-o1\" lang=\"en-US\" dir=\"ltr\">\n<div class=\"screen-reader-response\"><p role=\"status\" aria-live=\"polite\" aria-atomic=\"true\"><\/p> <ul><\/ul><\/div>\n<form action=\"\/ro\/wp-json\/wp\/v2\/pages\/186#wpcf7-f206-o1\" method=\"post\" class=\"wpcf7-form init\" aria-label=\"Contact form\" novalidate=\"novalidate\" data-status=\"init\">\n<div style=\"display: none;\">\n<input type=\"hidden\" name=\"_wpcf7\" value=\"206\" \/>\n<input type=\"hidden\" name=\"_wpcf7_version\" value=\"5.9.8\" \/>\n<input type=\"hidden\" name=\"_wpcf7_locale\" value=\"en_US\" \/>\n<input type=\"hidden\" name=\"_wpcf7_unit_tag\" value=\"wpcf7-f206-o1\" \/>\n<input type=\"hidden\" name=\"_wpcf7_container_post\" value=\"0\" \/>\n<input type=\"hidden\" name=\"_wpcf7_posted_data_hash\" value=\"\" \/>\n<\/div>\n<div class=\"contact-main\">\n\t<div class=\"row\">\n\t\t<div class=\"col-12 mb-15\">\n\t\t\t<p><span class=\"wpcf7-form-control-wrap\" data-name=\"your-name\"><input size=\"40\" maxlength=\"400\" class=\"wpcf7-form-control wpcf7-text wpcf7-validates-as-required cff\" aria-required=\"true\" aria-invalid=\"false\" placeholder=\"Numele t\u0103u\" value=\"\" type=\"text\" name=\"your-name\" \/><\/span><span class=\"icon kngi-user-alt\"><\/span>\n\t\t\t<\/p>\n\t\t<\/div>\n\t\t<div class=\"col-12 mb-15\">\n\t\t\t<p><span class=\"wpcf7-form-control-wrap\" data-name=\"your-email\"><input size=\"40\" maxlength=\"400\" class=\"wpcf7-form-control wpcf7-email wpcf7-validates-as-required wpcf7-text wpcf7-validates-as-email cff\" aria-required=\"true\" aria-invalid=\"false\" placeholder=\"Adresa de e-mail\" value=\"\" type=\"email\" name=\"your-email\" \/><\/span><span class=\"icon kngi-envelope-open-regular\"><\/span>\n\t\t\t<\/p>\n\t\t<\/div>\n\t\t<div class=\"col-12 mb-15\">\n\t\t\t<p><span class=\"wpcf7-form-control-wrap\" data-name=\"message\"><textarea cols=\"40\" rows=\"9\" maxlength=\"2000\" class=\"wpcf7-form-control wpcf7-textarea cff\" aria-invalid=\"false\" placeholder=\"Scrie mesaj\" name=\"message\"><\/textarea><\/span>\n\t\t\t<\/p>\n\t\t<\/div>\n\t\t<div class=\"col-12 btn-div\">\n\t\t\t<p><button class=\"btn\" type=\"submit\">Trimite mesaj <span class=\"kngi-arrow-right-solid\"><\/span><\/button>\n\t\t\t<\/p>\n\t\t<\/div>\n\t<\/div>\n<\/div><div class=\"wpcf7-response-output\" aria-hidden=\"true\"><\/div>\n<\/form>\n<\/div>\n<\/div>\r\n    <\/div>\r\n<\/div>\t\t<\/div>\n\t\t\t\t<\/div>\n\t\t\t\t\t<\/div>\n\t\t<\/div>\n\t\t            <\/div>\n        <\/section>\n        \t\t<\/div>\n\t\t","protected":false},"excerpt":{"rendered":"<p>Bucuresti 0754 838 908 office@sga-av.com Str. Hele\u0219teului nr. 29, Sectorul 1 Las\u0103-ne un mesaj Suntem aici s\u0103 te ajut\u0103m Trimite mesaj<\/p>\n","protected":false},"author":1,"featured_media":0,"parent":0,"menu_order":0,"comment_status":"closed","ping_status":"closed","template":"","meta":{"footnotes":""},"_links":{"self":[{"href":"https:\/\/sga-avocat.com\/ro\/wp-json\/wp\/v2\/pages\/186"}],"collection":[{"href":"https:\/\/sga-avocat.com\/ro\/wp-json\/wp\/v2\/pages"}],"about":[{"href":"https:\/\/sga-avocat.com\/ro\/wp-json\/wp\/v2\/types\/page"}],"author":[{"embeddable":true,"href":"https:\/\/sga-avocat.com\/ro\/wp-json\/wp\/v2\/users\/1"}],"replies":[{"embeddable":true,"href":"https:\/\/sga-avocat.com\/ro\/wp-json\/wp\/v2\/comments?post=186"}],"version-history":[{"count":13,"href":"https:\/\/sga-avocat.com\/ro\/wp-json\/wp\/v2\/pages\/186\/revisions"}],"predecessor-version":[{"id":8453,"href":"https:\/\/sga-avocat.com\/ro\/wp-json\/wp\/v2\/pages\/186\/revisions\/8453"}],"wp:attachment":[{"href":"https:\/\/sga-avocat.com\/ro\/wp-json\/wp\/v2\/media?parent=186"}],"curies":[{"name":"wp","href":"https:\/\/api.w.org\/{rel}","templated":true}]}}